{"id":1681,"date":"2022-11-11T12:29:52","date_gmt":"2022-11-11T11:29:52","guid":{"rendered":"https:\/\/www.dominovi.it\/almacen\/"},"modified":"2023-01-19T21:40:14","modified_gmt":"2023-01-19T20:40:14","slug":"almacen","status":"publish","type":"page","link":"https:\/\/www.dominovi.it\/es\/almacen\/","title":{"rendered":"Almac\u00e9n"},"content":{"rendered":"\t\t<div data-elementor-type=\"wp-page\" data-elementor-id=\"1681\" class=\"elementor elementor-1681 elementor-834\" data-elementor-post-type=\"page\">\n\t\t\t\t\t\t<section class=\"elementor-section elementor-top-section elementor-element elementor-element-b576977 elementor-section-stretched elementor-section-boxed elementor-section-height-default elementor-section-height-default\" data-id=\"b576977\" data-element_type=\"section\" data-e-type=\"section\" data-settings=\"{&quot;stretch_section&quot;:&quot;section-stretched&quot;,&quot;background_background&quot;:&quot;classic&quot;}\">\n\t\t\t\t\t\t\t<div class=\"elementor-background-overlay\"><\/div>\n\t\t\t\t\t\t\t<div class=\"elementor-container elementor-column-gap-default\">\n\t\t\t\t\t<div class=\"elementor-column elementor-col-100 elementor-top-column elementor-element elementor-element-d51e1d0\" data-id=\"d51e1d0\" data-element_type=\"column\" data-e-type=\"column\">\n\t\t\t<div class=\"elementor-widget-wrap elementor-element-populated\">\n\t\t\t\t\t\t<div class=\"elementor-element elementor-element-de0a6d7 elementor-widget elementor-widget-heading\" data-id=\"de0a6d7\" data-element_type=\"widget\" data-e-type=\"widget\" data-widget_type=\"heading.default\">\n\t\t\t\t<div class=\"elementor-widget-container\">\n\t\t\t\t\t<h2 class=\"elementor-heading-title elementor-size-default\">Almac\u00e9n<\/h2>\t\t\t\t<\/div>\n\t\t\t\t<\/div>\n\t\t\t\t<div class=\"elementor-element elementor-element-f332a73 elementor-align-center elementor-widget elementor-widget-raven-breadcrumbs\" data-id=\"f332a73\" data-element_type=\"widget\" data-e-type=\"widget\" data-widget_type=\"raven-breadcrumbs.default\">\n\t\t\t\t<div class=\"elementor-widget-container\">\n\t\t\t\t\t<div class=\"raven-breadcrumbs raven-breadcrumbs-default\"><div class=\"breadcrumb\">\t\t\t\t\t\t\t\t<div class=\"breadcrumb-item active\" aria-current=\"page\"><span>Home<\/span><\/div>\n\n\t\t\t\t<\/div><\/div>\t\t\t\t<\/div>\n\t\t\t\t<\/div>\n\t\t\t\t\t<\/div>\n\t\t<\/div>\n\t\t\t\t\t<\/div>\n\t\t<\/section>\n\t\t\t\t<section class=\"elementor-section elementor-top-section elementor-element elementor-element-c911dd6 elementor-section-boxed elementor-section-height-default elementor-section-height-default\" data-id=\"c911dd6\" data-element_type=\"section\" data-e-type=\"section\">\n\t\t\t\t\t\t<div class=\"elementor-container elementor-column-gap-default\">\n\t\t\t\t\t<div class=\"elementor-column elementor-col-100 elementor-top-column elementor-element elementor-element-04f5e34\" data-id=\"04f5e34\" data-element_type=\"column\" data-e-type=\"column\">\n\t\t\t<div class=\"elementor-widget-wrap elementor-element-populated\">\n\t\t\t\t\t\t<div class=\"elementor-element elementor-element-b04d625 elementor-widget elementor-widget-heading\" data-id=\"b04d625\" data-element_type=\"widget\" data-e-type=\"widget\" data-widget_type=\"heading.default\">\n\t\t\t\t<div class=\"elementor-widget-container\">\n\t\t\t\t\t<h2 class=\"elementor-heading-title elementor-size-default\">\u00bfListo para la entrega?<\/h2>\t\t\t\t<\/div>\n\t\t\t\t<\/div>\n\t\t\t\t<section class=\"elementor-section elementor-inner-section elementor-element elementor-element-da2bff1 elementor-section-full_width elementor-section-height-default elementor-section-height-default\" data-id=\"da2bff1\" data-element_type=\"section\" data-e-type=\"section\">\n\t\t\t\t\t\t<div class=\"elementor-container elementor-column-gap-default\">\n\t\t\t\t\t<div class=\"elementor-column elementor-col-100 elementor-inner-column elementor-element elementor-element-ab3cec5\" data-id=\"ab3cec5\" data-element_type=\"column\" data-e-type=\"column\">\n\t\t\t<div class=\"elementor-widget-wrap elementor-element-populated\">\n\t\t\t\t\t\t<div class=\"elementor-element elementor-element-1bfd83c elementor-widget elementor-widget-heading\" data-id=\"1bfd83c\" data-element_type=\"widget\" data-e-type=\"widget\" data-widget_type=\"heading.default\">\n\t\t\t\t<div class=\"elementor-widget-container\">\n\t\t\t\t\t<h2 class=\"elementor-heading-title elementor-size-default\">Una gesti\u00f3n cuidadosa del trabajo, un equipo excepcional y la labor incansable de todos nuestros empleados:\nen t\u00e9rminos de velocidad de producci\u00f3n no tenemos parang\u00f3n.<\/h2>\t\t\t\t<\/div>\n\t\t\t\t<\/div>\n\t\t\t\t\t<\/div>\n\t\t<\/div>\n\t\t\t\t\t<\/div>\n\t\t<\/section>\n\t\t\t\t\t<\/div>\n\t\t<\/div>\n\t\t\t\t\t<\/div>\n\t\t<\/section>\n\t\t\t\t<section class=\"elementor-section elementor-top-section elementor-element elementor-element-399c021 elementor-section-boxed elementor-section-height-default elementor-section-height-default\" data-id=\"399c021\" data-element_type=\"section\" data-e-type=\"section\">\n\t\t\t\t\t\t<div class=\"elementor-container elementor-column-gap-default\">\n\t\t\t\t\t<div class=\"elementor-column elementor-col-100 elementor-top-column elementor-element elementor-element-9546f71\" data-id=\"9546f71\" data-element_type=\"column\" data-e-type=\"column\">\n\t\t\t<div class=\"elementor-widget-wrap elementor-element-populated\">\n\t\t\t\t\t\t<div class=\"elementor-element elementor-element-b7410da elementor-widget elementor-widget-heading\" data-id=\"b7410da\" data-element_type=\"widget\" data-e-type=\"widget\" data-widget_type=\"heading.default\">\n\t\t\t\t<div class=\"elementor-widget-container\">\n\t\t\t\t\t<h2 class=\"elementor-heading-title elementor-size-default\">Actualmente no hay m\u00e1quinas listas para su entrega.<br> Vuelva pronto para descubrir las pr\u00f3ximas novedades.<\/h2>\t\t\t\t<\/div>\n\t\t\t\t<\/div>\n\t\t\t\t\t<\/div>\n\t\t<\/div>\n\t\t\t\t\t<\/div>\n\t\t<\/section>\n\t\t\t\t<section class=\"elementor-section elementor-top-section elementor-element elementor-element-63d7152 elementor-section-stretched elementor-hidden-desktop elementor-hidden-tablet elementor-hidden-mobile elementor-section-boxed elementor-section-height-default elementor-section-height-default\" data-id=\"63d7152\" data-element_type=\"section\" data-e-type=\"section\" data-settings=\"{&quot;stretch_section&quot;:&quot;section-stretched&quot;}\">\n\t\t\t\t\t\t<div class=\"elementor-container elementor-column-gap-default\">\n\t\t\t\t\t<div class=\"elementor-column elementor-col-100 elementor-top-column elementor-element elementor-element-8baa4d8\" data-id=\"8baa4d8\" data-element_type=\"column\" data-e-type=\"column\">\n\t\t\t<div class=\"elementor-widget-wrap elementor-element-populated\">\n\t\t\t\t\t\t<section class=\"elementor-section elementor-inner-section elementor-element elementor-element-1ef7dc8 elementor-section-full_width elementor-section-height-default elementor-section-height-default\" data-id=\"1ef7dc8\" data-element_type=\"section\" data-e-type=\"section\" data-settings=\"{&quot;background_background&quot;:&quot;classic&quot;}\">\n\t\t\t\t\t\t<div class=\"elementor-container elementor-column-gap-default\">\n\t\t\t\t\t<div class=\"elementor-column elementor-col-50 elementor-inner-column elementor-element elementor-element-d30e034\" data-id=\"d30e034\" data-element_type=\"column\" data-e-type=\"column\" data-settings=\"{&quot;background_background&quot;:&quot;classic&quot;}\">\n\t\t\t<div class=\"elementor-widget-wrap elementor-element-populated\">\n\t\t\t\t\t\t<div class=\"elementor-element elementor-element-fa51955 elementor-widget elementor-widget-image\" data-id=\"fa51955\" data-element_type=\"widget\" data-e-type=\"widget\" data-widget_type=\"image.default\">\n\t\t\t\t<div class=\"elementor-widget-container\">\n\t\t\t\t\t\t\t\t\t\t\t\t\t\t\t<img fetchpriority=\"high\" decoding=\"async\" width=\"1024\" height=\"1024\" src=\"https:\/\/www.dominovi.it\/wp-content\/uploads\/2022\/10\/domino_mama-photo_1-1024x1024.jpg\" class=\"attachment-large size-large wp-image-348\" alt=\"\" srcset=\"https:\/\/www.dominovi.it\/wp-content\/uploads\/2022\/10\/domino_mama-photo_1-1024x1024.jpg 1024w, https:\/\/www.dominovi.it\/wp-content\/uploads\/2022\/10\/domino_mama-photo_1-300x300.jpg 300w, https:\/\/www.dominovi.it\/wp-content\/uploads\/2022\/10\/domino_mama-photo_1-150x150.jpg 150w, https:\/\/www.dominovi.it\/wp-content\/uploads\/2022\/10\/domino_mama-photo_1-768x768.jpg 768w, https:\/\/www.dominovi.it\/wp-content\/uploads\/2022\/10\/domino_mama-photo_1-500x500.jpg 500w, https:\/\/www.dominovi.it\/wp-content\/uploads\/2022\/10\/domino_mama-photo_1.jpg 1300w\" sizes=\"(max-width: 1024px) 100vw, 1024px\" \/>\t\t\t\t\t\t\t\t\t\t\t\t\t\t\t<\/div>\n\t\t\t\t<\/div>\n\t\t\t\t\t<\/div>\n\t\t<\/div>\n\t\t\t\t<div class=\"elementor-column elementor-col-50 elementor-inner-column elementor-element elementor-element-0b06948\" data-id=\"0b06948\" data-element_type=\"column\" data-e-type=\"column\" data-settings=\"{&quot;background_background&quot;:&quot;classic&quot;}\">\n\t\t\t<div class=\"elementor-widget-wrap elementor-element-populated\">\n\t\t\t\t\t\t<div class=\"elementor-element elementor-element-3e50c4f elementor-widget__width-auto elementor-widget elementor-widget-heading\" data-id=\"3e50c4f\" data-element_type=\"widget\" data-e-type=\"widget\" data-widget_type=\"heading.default\">\n\t\t\t\t<div class=\"elementor-widget-container\">\n\t\t\t\t\t<h2 class=\"elementor-heading-title elementor-size-default\">MAMA<\/h2>\t\t\t\t<\/div>\n\t\t\t\t<\/div>\n\t\t\t\t<div class=\"elementor-element elementor-element-6d59586 elementor-widget__width-auto elementor-widget elementor-widget-heading\" data-id=\"6d59586\" data-element_type=\"widget\" data-e-type=\"widget\" data-widget_type=\"heading.default\">\n\t\t\t\t<div class=\"elementor-widget-container\">\n\t\t\t\t\t<h2 class=\"elementor-heading-title elementor-size-default\">30 TOQUE<\/h2>\t\t\t\t<\/div>\n\t\t\t\t<\/div>\n\t\t\t\t<div class=\"elementor-element elementor-element-acad064 elementor-widget__width-auto elementor-widget elementor-widget-heading\" data-id=\"acad064\" data-element_type=\"widget\" data-e-type=\"widget\" data-widget_type=\"heading.default\">\n\t\t\t\t<div class=\"elementor-widget-container\">\n\t\t\t\t\t<h2 class=\"elementor-heading-title elementor-size-default\">Domin\u00f3 Excelencia<\/h2>\t\t\t\t<\/div>\n\t\t\t\t<\/div>\n\t\t\t\t<div class=\"elementor-element elementor-element-82c42a0 elementor-widget elementor-widget-text-editor\" data-id=\"82c42a0\" data-element_type=\"widget\" data-e-type=\"widget\" data-widget_type=\"text-editor.default\">\n\t\t\t\t<div class=\"elementor-widget-container\">\n\t\t\t\t\t\t\t\t\t<p>MAMA es una m\u00e1quina tecnol\u00f3gica capaz de generar y almacenar masa madre en forma l\u00edquida, equipada con programas de control de tiempo y temperatura. Esta innovadora m\u00e1quina facilita el procesamiento de la masa madre, lo que da como resultado un producto siempre uniforme, fragante y digerible.<\/p>\n\t\t\t\t\t\t\t\t<\/div>\n\t\t\t\t<\/div>\n\t\t\t\t<div class=\"elementor-element elementor-element-41d1c72 elementor-align-left elementor-widget__width-auto elementor-widget elementor-widget-raven-button\" data-id=\"41d1c72\" data-element_type=\"widget\" data-e-type=\"widget\" data-settings=\"{&quot;turn_to_popup_action_button&quot;:&quot;no&quot;}\" data-widget_type=\"raven-button.default\">\n\t\t\t\t<div class=\"elementor-widget-container\">\n\t\t\t\t\t\t\t<div class=\"raven-widget-wrapper\">\n\t\t\t<a class=\"raven-button raven-button-widget-normal-effect-none  raven-button-text-align-center raven-button-link elementor-animation-none\" href=\"#\">\t\t\t\t<div class=\"raven-button-overlay\" ><\/div>\n\t\t\t\t<span class=\"raven-button-content\">\n\t\t\t\t\t\n\t\t\t\t\t<div class=\"button-text-container\">\n\t\t\t\t\t\t\t\t\t\t\t\t<div class=\"raven-button-texts-wrapper\">\n\t\t\t\t\t\t\t<div class=\"button-text\">\n\t\t\t\t\t\t\t\t<span class=\"raven-button-text\">\n\t\t\t\t\t\t\t\t\tP\u00c1GINA DE PRODUCTOS\t\t\t\t\t\t\t\t<\/span>\n\t\t\t\t\t\t\t<\/div>\n\t\t\t\t\t\t\t\t\t\t\t\t\t<\/div>\n\t\t\t\t\t\t\t\t\t\t\t<\/div>\n\t\t\t\t\t\n\t\t\t\t\t\t\t\t\t<\/span>\n\t\t\t<\/a>\t\t<\/div>\n\t\t\t\t\t\t<\/div>\n\t\t\t\t<\/div>\n\t\t\t\t<div class=\"elementor-element elementor-element-c6e6bc0 elementor-widget__width-auto elementor-icon-list--layout-traditional elementor-list-item-link-full_width elementor-widget elementor-widget-icon-list\" data-id=\"c6e6bc0\" data-element_type=\"widget\" data-e-type=\"widget\" data-widget_type=\"icon-list.default\">\n\t\t\t\t<div class=\"elementor-widget-container\">\n\t\t\t\t\t\t\t<ul class=\"elementor-icon-list-items\">\n\t\t\t\t\t\t\t<li class=\"elementor-icon-list-item\">\n\t\t\t\t\t\t\t\t\t\t\t<span class=\"elementor-icon-list-icon\">\n\t\t\t\t\t\t\t<i aria-hidden=\"true\" class=\"far fa-check-circle\"><\/i>\t\t\t\t\t\t<\/span>\n\t\t\t\t\t\t\t\t\t\t<span class=\"elementor-icon-list-text\">Disponible<\/span>\n\t\t\t\t\t\t\t\t\t<\/li>\n\t\t\t\t\t\t<\/ul>\n\t\t\t\t\t\t<\/div>\n\t\t\t\t<\/div>\n\t\t\t\t\t<\/div>\n\t\t<\/div>\n\t\t\t\t\t<\/div>\n\t\t<\/section>\n\t\t\t\t\t<\/div>\n\t\t<\/div>\n\t\t\t\t\t<\/div>\n\t\t<\/section>\n\t\t\t\t<\/div>\n\t\t","protected":false},"excerpt":{"rendered":"<p>Home \u00bfListo para la entrega? Una gesti\u00f3n cuidadosa del trabajo, un equipo excepcional y la labor incansable de todos nuestros empleados: en t\u00e9rminos de velocidad de producci\u00f3n no tenemos parang\u00f3n. Actualmente no hay m\u00e1quinas listas para su entrega. Vuelva pronto para descubrir las pr\u00f3ximas novedades. MAMA 30 TOQUE Domin\u00f3 Excelencia MAMA es una m\u00e1quina tecnol\u00f3gica [&hellip;]<\/p>\n","protected":false},"author":1,"featured_media":0,"parent":0,"menu_order":0,"comment_status":"closed","ping_status":"closed","template":"elementor_header_footer","meta":{"_acf_changed":false,"footnotes":""},"class_list":["post-1681","page","type-page","status-publish","hentry"],"acf":[],"yoast_head":"<!-- This site is optimized with the Yoast SEO plugin v27.5 - https:\/\/yoast.com\/product\/yoast-seo-wordpress\/ -->\n<title>Almac\u00e9n - Domino&reg;<\/title>\n<meta name=\"robots\" content=\"index, follow, max-snippet:-1, max-image-preview:large, max-video-preview:-1\" \/>\n<link rel=\"canonical\" href=\"https:\/\/www.dominovi.it\/es\/almacen\/\" \/>\n<meta property=\"og:locale\" content=\"es_ES\" \/>\n<meta property=\"og:type\" content=\"article\" \/>\n<meta property=\"og:title\" content=\"Almac\u00e9n - Domino&reg;\" \/>\n<meta property=\"og:description\" content=\"Home \u00bfListo para la entrega? Una gesti\u00f3n cuidadosa del trabajo, un equipo excepcional y la labor incansable de todos nuestros empleados: en t\u00e9rminos de velocidad de producci\u00f3n no tenemos parang\u00f3n. Actualmente no hay m\u00e1quinas listas para su entrega. Vuelva pronto para descubrir las pr\u00f3ximas novedades. MAMA 30 TOQUE Domin\u00f3 Excelencia MAMA es una m\u00e1quina tecnol\u00f3gica [&hellip;]\" \/>\n<meta property=\"og:url\" content=\"https:\/\/www.dominovi.it\/es\/almacen\/\" \/>\n<meta property=\"og:site_name\" content=\"Domino&reg;\" \/>\n<meta property=\"article:modified_time\" content=\"2023-01-19T20:40:14+00:00\" \/>\n<meta property=\"og:image\" content=\"https:\/\/www.dominovi.it\/wp-content\/uploads\/2022\/10\/domino_mama-photo_1-1024x1024.jpg\" \/>\n<meta name=\"twitter:card\" content=\"summary_large_image\" \/>\n<meta name=\"twitter:label1\" content=\"Tiempo de lectura\" \/>\n\t<meta name=\"twitter:data1\" content=\"1 minuto\" \/>\n<script type=\"application\/ld+json\" class=\"yoast-schema-graph\">{\"@context\":\"https:\\\/\\\/schema.org\",\"@graph\":[{\"@type\":\"WebPage\",\"@id\":\"https:\\\/\\\/www.dominovi.it\\\/es\\\/almacen\\\/\",\"url\":\"https:\\\/\\\/www.dominovi.it\\\/es\\\/almacen\\\/\",\"name\":\"Almac\u00e9n - Domino&reg;\",\"isPartOf\":{\"@id\":\"https:\\\/\\\/www.dominovi.it\\\/es\\\/#website\"},\"primaryImageOfPage\":{\"@id\":\"https:\\\/\\\/www.dominovi.it\\\/es\\\/almacen\\\/#primaryimage\"},\"image\":{\"@id\":\"https:\\\/\\\/www.dominovi.it\\\/es\\\/almacen\\\/#primaryimage\"},\"thumbnailUrl\":\"https:\\\/\\\/www.dominovi.it\\\/wp-content\\\/uploads\\\/2022\\\/10\\\/domino_mama-photo_1-1024x1024.jpg\",\"datePublished\":\"2022-11-11T11:29:52+00:00\",\"dateModified\":\"2023-01-19T20:40:14+00:00\",\"breadcrumb\":{\"@id\":\"https:\\\/\\\/www.dominovi.it\\\/es\\\/almacen\\\/#breadcrumb\"},\"inLanguage\":\"es\",\"potentialAction\":[{\"@type\":\"ReadAction\",\"target\":[\"https:\\\/\\\/www.dominovi.it\\\/es\\\/almacen\\\/\"]}]},{\"@type\":\"ImageObject\",\"inLanguage\":\"es\",\"@id\":\"https:\\\/\\\/www.dominovi.it\\\/es\\\/almacen\\\/#primaryimage\",\"url\":\"https:\\\/\\\/www.dominovi.it\\\/wp-content\\\/uploads\\\/2022\\\/10\\\/domino_mama-photo_1-1024x1024.jpg\",\"contentUrl\":\"https:\\\/\\\/www.dominovi.it\\\/wp-content\\\/uploads\\\/2022\\\/10\\\/domino_mama-photo_1-1024x1024.jpg\"},{\"@type\":\"BreadcrumbList\",\"@id\":\"https:\\\/\\\/www.dominovi.it\\\/es\\\/almacen\\\/#breadcrumb\",\"itemListElement\":[{\"@type\":\"ListItem\",\"position\":1,\"name\":\"Home\",\"item\":\"https:\\\/\\\/www.dominovi.it\\\/es\\\/\"},{\"@type\":\"ListItem\",\"position\":2,\"name\":\"Almac\u00e9n\"}]},{\"@type\":\"WebSite\",\"@id\":\"https:\\\/\\\/www.dominovi.it\\\/es\\\/#website\",\"url\":\"https:\\\/\\\/www.dominovi.it\\\/es\\\/\",\"name\":\"Domino&reg;\",\"description\":\"Bakery &amp; Pastry Equipment\",\"potentialAction\":[{\"@type\":\"SearchAction\",\"target\":{\"@type\":\"EntryPoint\",\"urlTemplate\":\"https:\\\/\\\/www.dominovi.it\\\/es\\\/?s={search_term_string}\"},\"query-input\":{\"@type\":\"PropertyValueSpecification\",\"valueRequired\":true,\"valueName\":\"search_term_string\"}}],\"inLanguage\":\"es\"}]}<\/script>\n<!-- \/ Yoast SEO plugin. -->","yoast_head_json":{"title":"Almac\u00e9n - Domino&reg;","robots":{"index":"index","follow":"follow","max-snippet":"max-snippet:-1","max-image-preview":"max-image-preview:large","max-video-preview":"max-video-preview:-1"},"canonical":"https:\/\/www.dominovi.it\/es\/almacen\/","og_locale":"es_ES","og_type":"article","og_title":"Almac\u00e9n - Domino&reg;","og_description":"Home \u00bfListo para la entrega? Una gesti\u00f3n cuidadosa del trabajo, un equipo excepcional y la labor incansable de todos nuestros empleados: en t\u00e9rminos de velocidad de producci\u00f3n no tenemos parang\u00f3n. Actualmente no hay m\u00e1quinas listas para su entrega. Vuelva pronto para descubrir las pr\u00f3ximas novedades. MAMA 30 TOQUE Domin\u00f3 Excelencia MAMA es una m\u00e1quina tecnol\u00f3gica [&hellip;]","og_url":"https:\/\/www.dominovi.it\/es\/almacen\/","og_site_name":"Domino&reg;","article_modified_time":"2023-01-19T20:40:14+00:00","og_image":[{"url":"https:\/\/www.dominovi.it\/wp-content\/uploads\/2022\/10\/domino_mama-photo_1-1024x1024.jpg","type":"","width":"","height":""}],"twitter_card":"summary_large_image","twitter_misc":{"Tiempo de lectura":"1 minuto"},"schema":{"@context":"https:\/\/schema.org","@graph":[{"@type":"WebPage","@id":"https:\/\/www.dominovi.it\/es\/almacen\/","url":"https:\/\/www.dominovi.it\/es\/almacen\/","name":"Almac\u00e9n - Domino&reg;","isPartOf":{"@id":"https:\/\/www.dominovi.it\/es\/#website"},"primaryImageOfPage":{"@id":"https:\/\/www.dominovi.it\/es\/almacen\/#primaryimage"},"image":{"@id":"https:\/\/www.dominovi.it\/es\/almacen\/#primaryimage"},"thumbnailUrl":"https:\/\/www.dominovi.it\/wp-content\/uploads\/2022\/10\/domino_mama-photo_1-1024x1024.jpg","datePublished":"2022-11-11T11:29:52+00:00","dateModified":"2023-01-19T20:40:14+00:00","breadcrumb":{"@id":"https:\/\/www.dominovi.it\/es\/almacen\/#breadcrumb"},"inLanguage":"es","potentialAction":[{"@type":"ReadAction","target":["https:\/\/www.dominovi.it\/es\/almacen\/"]}]},{"@type":"ImageObject","inLanguage":"es","@id":"https:\/\/www.dominovi.it\/es\/almacen\/#primaryimage","url":"https:\/\/www.dominovi.it\/wp-content\/uploads\/2022\/10\/domino_mama-photo_1-1024x1024.jpg","contentUrl":"https:\/\/www.dominovi.it\/wp-content\/uploads\/2022\/10\/domino_mama-photo_1-1024x1024.jpg"},{"@type":"BreadcrumbList","@id":"https:\/\/www.dominovi.it\/es\/almacen\/#breadcrumb","itemListElement":[{"@type":"ListItem","position":1,"name":"Home","item":"https:\/\/www.dominovi.it\/es\/"},{"@type":"ListItem","position":2,"name":"Almac\u00e9n"}]},{"@type":"WebSite","@id":"https:\/\/www.dominovi.it\/es\/#website","url":"https:\/\/www.dominovi.it\/es\/","name":"Domino&reg;","description":"Bakery &amp; Pastry Equipment","potentialAction":[{"@type":"SearchAction","target":{"@type":"EntryPoint","urlTemplate":"https:\/\/www.dominovi.it\/es\/?s={search_term_string}"},"query-input":{"@type":"PropertyValueSpecification","valueRequired":true,"valueName":"search_term_string"}}],"inLanguage":"es"}]}},"_links":{"self":[{"href":"https:\/\/www.dominovi.it\/es\/wp-json\/wp\/v2\/pages\/1681","targetHints":{"allow":["GET"]}}],"collection":[{"href":"https:\/\/www.dominovi.it\/es\/wp-json\/wp\/v2\/pages"}],"about":[{"href":"https:\/\/www.dominovi.it\/es\/wp-json\/wp\/v2\/types\/page"}],"author":[{"embeddable":true,"href":"https:\/\/www.dominovi.it\/es\/wp-json\/wp\/v2\/users\/1"}],"replies":[{"embeddable":true,"href":"https:\/\/www.dominovi.it\/es\/wp-json\/wp\/v2\/comments?post=1681"}],"version-history":[{"count":3,"href":"https:\/\/www.dominovi.it\/es\/wp-json\/wp\/v2\/pages\/1681\/revisions"}],"predecessor-version":[{"id":1807,"href":"https:\/\/www.dominovi.it\/es\/wp-json\/wp\/v2\/pages\/1681\/revisions\/1807"}],"wp:attachment":[{"href":"https:\/\/www.dominovi.it\/es\/wp-json\/wp\/v2\/media?parent=1681"}],"curies":[{"name":"wp","href":"https:\/\/api.w.org\/{rel}","templated":true}]}}