{"id":1693,"date":"2022-10-06T16:43:55","date_gmt":"2022-10-06T14:43:55","guid":{"rendered":"https:\/\/www.dominovi.it\/boletin-de-noticias\/"},"modified":"2025-01-29T21:53:45","modified_gmt":"2025-01-29T20:53:45","slug":"boletin-de-noticias","status":"publish","type":"page","link":"https:\/\/www.dominovi.it\/es\/boletin-de-noticias\/","title":{"rendered":"Bolet\u00edn de noticias"},"content":{"rendered":"\t\t<div data-elementor-type=\"wp-page\" data-elementor-id=\"1693\" class=\"elementor elementor-1693 elementor-317\" data-elementor-post-type=\"page\">\n\t\t\t\t\t\t<section class=\"elementor-section elementor-top-section elementor-element elementor-element-7a2abf1 elementor-section-stretched elementor-section-boxed elementor-section-height-default elementor-section-height-default\" data-id=\"7a2abf1\" data-element_type=\"section\" data-e-type=\"section\" data-settings=\"{&quot;stretch_section&quot;:&quot;section-stretched&quot;,&quot;background_background&quot;:&quot;classic&quot;}\">\n\t\t\t\t\t\t\t<div class=\"elementor-background-overlay\"><\/div>\n\t\t\t\t\t\t\t<div class=\"elementor-container elementor-column-gap-default\">\n\t\t\t\t\t<div class=\"elementor-column elementor-col-100 elementor-top-column elementor-element elementor-element-3a572e8\" data-id=\"3a572e8\" data-element_type=\"column\" data-e-type=\"column\">\n\t\t\t<div class=\"elementor-widget-wrap elementor-element-populated\">\n\t\t\t\t\t\t<div class=\"elementor-element elementor-element-2d99364 elementor-widget elementor-widget-heading\" data-id=\"2d99364\" data-element_type=\"widget\" data-e-type=\"widget\" data-widget_type=\"heading.default\">\n\t\t\t\t<div class=\"elementor-widget-container\">\n\t\t\t\t\t<h2 class=\"elementor-heading-title elementor-size-default\">Bolet\u00edn de noticias<\/h2>\t\t\t\t<\/div>\n\t\t\t\t<\/div>\n\t\t\t\t<div class=\"elementor-element elementor-element-33f3dbf elementor-align-center elementor-widget elementor-widget-raven-breadcrumbs\" data-id=\"33f3dbf\" data-element_type=\"widget\" data-e-type=\"widget\" data-widget_type=\"raven-breadcrumbs.default\">\n\t\t\t\t<div class=\"elementor-widget-container\">\n\t\t\t\t\t<div class=\"raven-breadcrumbs raven-breadcrumbs-default\"><div class=\"breadcrumb\">\t\t\t\t\t\t\t\t<div class=\"breadcrumb-item active\" aria-current=\"page\"><span>Home<\/span><\/div>\n\n\t\t\t\t<\/div><\/div>\t\t\t\t<\/div>\n\t\t\t\t<\/div>\n\t\t\t\t\t<\/div>\n\t\t<\/div>\n\t\t\t\t\t<\/div>\n\t\t<\/section>\n\t\t\t\t<section class=\"elementor-section elementor-top-section elementor-element elementor-element-5adddf6 elementor-section-stretched elementor-section-boxed elementor-section-height-default elementor-section-height-default\" data-id=\"5adddf6\" data-element_type=\"section\" data-e-type=\"section\" data-settings=\"{&quot;background_background&quot;:&quot;classic&quot;,&quot;stretch_section&quot;:&quot;section-stretched&quot;}\">\n\t\t\t\t\t\t\t<div class=\"elementor-background-overlay\"><\/div>\n\t\t\t\t\t\t\t<div class=\"elementor-container elementor-column-gap-default\">\n\t\t\t\t\t<div class=\"elementor-column elementor-col-100 elementor-top-column elementor-element elementor-element-32295cd\" data-id=\"32295cd\" data-element_type=\"column\" data-e-type=\"column\">\n\t\t\t<div class=\"elementor-widget-wrap elementor-element-populated\">\n\t\t\t\t\t\t<div class=\"elementor-element elementor-element-fcf9be8 elementor-widget elementor-widget-heading\" data-id=\"fcf9be8\" data-element_type=\"widget\" data-e-type=\"widget\" data-widget_type=\"heading.default\">\n\t\t\t\t<div class=\"elementor-widget-container\">\n\t\t\t\t\t<h2 class=\"elementor-heading-title elementor-size-default\">suscr\u00edbete al bolet\u00edn<\/h2>\t\t\t\t<\/div>\n\t\t\t\t<\/div>\n\t\t\t\t<div class=\"elementor-element elementor-element-618d7dd elementor-widget elementor-widget-heading\" data-id=\"618d7dd\" data-element_type=\"widget\" data-e-type=\"widget\" data-widget_type=\"heading.default\">\n\t\t\t\t<div class=\"elementor-widget-container\">\n\t\t\t\t\t<h2 class=\"elementor-heading-title elementor-size-default\">Noticias, trivialidades e informaci\u00f3n valiosa...<\/h2>\t\t\t\t<\/div>\n\t\t\t\t<\/div>\n\t\t\t\t<div class=\"elementor-element elementor-element-a04b13c elementor-button-align-stretch elementor-widget elementor-widget-form\" data-id=\"a04b13c\" data-element_type=\"widget\" data-e-type=\"widget\" data-settings=\"{&quot;step_next_label&quot;:&quot;Siguiente&quot;,&quot;step_previous_label&quot;:&quot;Anteriormente&quot;,&quot;button_width&quot;:&quot;100&quot;,&quot;step_type&quot;:&quot;number_text&quot;,&quot;step_icon_shape&quot;:&quot;circle&quot;}\" data-widget_type=\"form.default\">\n\t\t\t\t<div class=\"elementor-widget-container\">\n\t\t\t\t\t\t\t<form class=\"elementor-form\" method=\"post\" name=\"Nuevo m\u00f3dulo\" aria-label=\"Nuevo m\u00f3dulo\">\n\t\t\t<input type=\"hidden\" name=\"post_id\" value=\"1693\"\/>\n\t\t\t<input type=\"hidden\" name=\"form_id\" value=\"a04b13c\"\/>\n\t\t\t<input type=\"hidden\" name=\"referer_title\" value=\"Bolet\u00edn de noticias - Domino&reg;\" \/>\n\n\t\t\t\t\t\t\t<input type=\"hidden\" name=\"queried_id\" value=\"1693\"\/>\n\t\t\t\n\t\t\t<div class=\"elementor-form-fields-wrapper elementor-labels-\">\n\t\t\t\t\t\t\t\t<div class=\"elementor-field-type-text elementor-field-group elementor-column elementor-field-group-name elementor-col-50\">\n\t\t\t\t\t\t\t\t\t\t\t\t<label for=\"form-field-name\" class=\"elementor-field-label elementor-screen-only\">\n\t\t\t\t\t\t\t\tNombre\t\t\t\t\t\t\t<\/label>\n\t\t\t\t\t\t\t\t\t\t\t\t\t\t<input size=\"1\" type=\"text\" name=\"form_fields[name]\" id=\"form-field-name\" class=\"elementor-field elementor-size-sm  elementor-field-textual\" placeholder=\"Nombre\">\n\t\t\t\t\t\t\t\t\t\t\t<\/div>\n\t\t\t\t\t\t\t\t<div class=\"elementor-field-type-text elementor-field-group elementor-column elementor-field-group-field_8587dfe elementor-col-50\">\n\t\t\t\t\t\t\t\t\t\t\t\t<label for=\"form-field-field_8587dfe\" class=\"elementor-field-label elementor-screen-only\">\n\t\t\t\t\t\t\t\tApellido\t\t\t\t\t\t\t<\/label>\n\t\t\t\t\t\t\t\t\t\t\t\t\t\t<input size=\"1\" type=\"text\" name=\"form_fields[field_8587dfe]\" id=\"form-field-field_8587dfe\" class=\"elementor-field elementor-size-sm  elementor-field-textual\" placeholder=\"Apellido\">\n\t\t\t\t\t\t\t\t\t\t\t<\/div>\n\t\t\t\t\t\t\t\t<div class=\"elementor-field-type-text elementor-field-group elementor-column elementor-field-group-field_9139e33 elementor-col-50\">\n\t\t\t\t\t\t\t\t\t\t\t\t<label for=\"form-field-field_9139e33\" class=\"elementor-field-label elementor-screen-only\">\n\t\t\t\t\t\t\t\tProvincia\t\t\t\t\t\t\t<\/label>\n\t\t\t\t\t\t\t\t\t\t\t\t\t\t<input size=\"1\" type=\"text\" name=\"form_fields[field_9139e33]\" id=\"form-field-field_9139e33\" class=\"elementor-field elementor-size-sm  elementor-field-textual\" placeholder=\"Provincia\">\n\t\t\t\t\t\t\t\t\t\t\t<\/div>\n\t\t\t\t\t\t\t\t<div class=\"elementor-field-type-email elementor-field-group elementor-column elementor-field-group-email elementor-col-50 elementor-field-required\">\n\t\t\t\t\t\t\t\t\t\t\t\t<label for=\"form-field-email\" class=\"elementor-field-label elementor-screen-only\">\n\t\t\t\t\t\t\t\tEnv\u00ede un correo electr\u00f3nico a\t\t\t\t\t\t\t<\/label>\n\t\t\t\t\t\t\t\t\t\t\t\t\t\t<input size=\"1\" type=\"email\" name=\"form_fields[email]\" id=\"form-field-email\" class=\"elementor-field elementor-size-sm  elementor-field-textual\" placeholder=\"Env\u00ede un correo electr\u00f3nico a\" required=\"required\">\n\t\t\t\t\t\t\t\t\t\t\t<\/div>\n\t\t\t\t\t\t\t\t<div class=\"elementor-field-type-checkbox elementor-field-group elementor-column elementor-field-group-field_7840585 elementor-col-100\">\n\t\t\t\t\t<div class=\"elementor-field-subgroup  \"><span class=\"elementor-field-option\"><input type=\"checkbox\" value=\"Consiento el tratamiento de mis datos personales para actividades de marketing y para recibir informaci\u00f3n sobre sus iniciativas promocionales y comerciales\" id=\"form-field-field_7840585-0\" name=\"form_fields[field_7840585]\"> <label for=\"form-field-field_7840585-0\">Consiento el tratamiento de mis datos personales para actividades de marketing y para recibir informaci\u00f3n sobre sus iniciativas promocionales y comerciales<\/label><\/span><\/div>\t\t\t\t<\/div>\n\t\t\t\t\t\t\t\t<div class=\"elementor-field-type-checkbox elementor-field-group elementor-column elementor-field-group-field_c4b26d0 elementor-col-100\">\n\t\t\t\t\t<div class=\"elementor-field-subgroup  \"><span class=\"elementor-field-option\"><input type=\"checkbox\" value=\"Al suscribirme al bolet\u00edn, doy mi consentimiento al tratamiento de mis datos y declaro haber le\u00eddo la Pol\u00edtica de privacidad\" id=\"form-field-field_c4b26d0-0\" name=\"form_fields[field_c4b26d0]\"> <label for=\"form-field-field_c4b26d0-0\">Al suscribirme al bolet\u00edn, doy mi consentimiento al tratamiento de mis datos y declaro haber le\u00eddo la Pol\u00edtica de privacidad<\/label><\/span><\/div>\t\t\t\t<\/div>\n\t\t\t\t\t\t\t\t<div class=\"elementor-field-type-recaptcha_v3 elementor-field-group elementor-column elementor-field-group-field_759f7c5 elementor-col-100 recaptcha_v3-inline\">\n\t\t\t\t\t<div class=\"elementor-field\" id=\"form-field-field_759f7c5\"><div class=\"elementor-g-recaptcha\" data-sitekey=\"6LdQEyEkAAAAAKTf5ae5-ZpgXuGTWs64Y_vcZbNj\" data-type=\"v3\" data-action=\"Form\" data-badge=\"inline\" data-size=\"invisible\"><\/div><\/div>\t\t\t\t<\/div>\n\t\t\t\t\t\t\t\t<div class=\"elementor-field-group elementor-column elementor-field-type-submit elementor-col-100 e-form__buttons\">\n\t\t\t\t\t<button class=\"elementor-button elementor-size-sm\" type=\"submit\">\n\t\t\t\t\t\t<span class=\"elementor-button-content-wrapper\">\n\t\t\t\t\t\t\t\t\t\t\t\t\t\t\t\t\t\t\t\t\t\t<span class=\"elementor-button-text\">Enviar<\/span>\n\t\t\t\t\t\t\t\t\t\t\t\t\t<\/span>\n\t\t\t\t\t<\/button>\n\t\t\t\t<\/div>\n\t\t\t<\/div>\n\t\t<\/form>\n\t\t\t\t\t\t<\/div>\n\t\t\t\t<\/div>\n\t\t\t\t\t<\/div>\n\t\t<\/div>\n\t\t\t\t\t<\/div>\n\t\t<\/section>\n\t\t\t\t<\/div>\n\t\t","protected":false},"excerpt":{"rendered":"<p>Home suscr\u00edbete al bolet\u00edn Noticias, trivialidades e informaci\u00f3n valiosa&#8230;<\/p>\n","protected":false},"author":1,"featured_media":0,"parent":0,"menu_order":0,"comment_status":"closed","ping_status":"closed","template":"elementor_header_footer","meta":{"_acf_changed":false,"footnotes":""},"class_list":["post-1693","page","type-page","status-publish","hentry"],"acf":[],"yoast_head":"<!-- This site is optimized with the Yoast SEO plugin v27.5 - https:\/\/yoast.com\/product\/yoast-seo-wordpress\/ -->\n<title>Bolet\u00edn de noticias - Domino&reg;<\/title>\n<meta name=\"robots\" content=\"index, follow, max-snippet:-1, max-image-preview:large, max-video-preview:-1\" \/>\n<link rel=\"canonical\" href=\"https:\/\/www.dominovi.it\/es\/boletin-de-noticias\/\" \/>\n<meta property=\"og:locale\" content=\"es_ES\" \/>\n<meta property=\"og:type\" content=\"article\" \/>\n<meta property=\"og:title\" content=\"Bolet\u00edn de noticias - Domino&reg;\" \/>\n<meta property=\"og:description\" content=\"Home suscr\u00edbete al bolet\u00edn Noticias, trivialidades e informaci\u00f3n valiosa&#8230;\" \/>\n<meta property=\"og:url\" content=\"https:\/\/www.dominovi.it\/es\/boletin-de-noticias\/\" \/>\n<meta property=\"og:site_name\" content=\"Domino&reg;\" \/>\n<meta property=\"article:modified_time\" content=\"2025-01-29T20:53:45+00:00\" \/>\n<meta name=\"twitter:card\" content=\"summary_large_image\" \/>\n<script type=\"application\/ld+json\" class=\"yoast-schema-graph\">{\"@context\":\"https:\\\/\\\/schema.org\",\"@graph\":[{\"@type\":\"WebPage\",\"@id\":\"https:\\\/\\\/www.dominovi.it\\\/es\\\/boletin-de-noticias\\\/\",\"url\":\"https:\\\/\\\/www.dominovi.it\\\/es\\\/boletin-de-noticias\\\/\",\"name\":\"Bolet\u00edn de noticias - Domino&reg;\",\"isPartOf\":{\"@id\":\"https:\\\/\\\/www.dominovi.it\\\/es\\\/#website\"},\"datePublished\":\"2022-10-06T14:43:55+00:00\",\"dateModified\":\"2025-01-29T20:53:45+00:00\",\"breadcrumb\":{\"@id\":\"https:\\\/\\\/www.dominovi.it\\\/es\\\/boletin-de-noticias\\\/#breadcrumb\"},\"inLanguage\":\"es\",\"potentialAction\":[{\"@type\":\"ReadAction\",\"target\":[\"https:\\\/\\\/www.dominovi.it\\\/es\\\/boletin-de-noticias\\\/\"]}]},{\"@type\":\"BreadcrumbList\",\"@id\":\"https:\\\/\\\/www.dominovi.it\\\/es\\\/boletin-de-noticias\\\/#breadcrumb\",\"itemListElement\":[{\"@type\":\"ListItem\",\"position\":1,\"name\":\"Home\",\"item\":\"https:\\\/\\\/www.dominovi.it\\\/es\\\/\"},{\"@type\":\"ListItem\",\"position\":2,\"name\":\"Bolet\u00edn de noticias\"}]},{\"@type\":\"WebSite\",\"@id\":\"https:\\\/\\\/www.dominovi.it\\\/es\\\/#website\",\"url\":\"https:\\\/\\\/www.dominovi.it\\\/es\\\/\",\"name\":\"Domino&reg;\",\"description\":\"Bakery &amp; Pastry Equipment\",\"potentialAction\":[{\"@type\":\"SearchAction\",\"target\":{\"@type\":\"EntryPoint\",\"urlTemplate\":\"https:\\\/\\\/www.dominovi.it\\\/es\\\/?s={search_term_string}\"},\"query-input\":{\"@type\":\"PropertyValueSpecification\",\"valueRequired\":true,\"valueName\":\"search_term_string\"}}],\"inLanguage\":\"es\"}]}<\/script>\n<!-- \/ Yoast SEO plugin. -->","yoast_head_json":{"title":"Bolet\u00edn de noticias - Domino&reg;","robots":{"index":"index","follow":"follow","max-snippet":"max-snippet:-1","max-image-preview":"max-image-preview:large","max-video-preview":"max-video-preview:-1"},"canonical":"https:\/\/www.dominovi.it\/es\/boletin-de-noticias\/","og_locale":"es_ES","og_type":"article","og_title":"Bolet\u00edn de noticias - Domino&reg;","og_description":"Home suscr\u00edbete al bolet\u00edn Noticias, trivialidades e informaci\u00f3n valiosa&#8230;","og_url":"https:\/\/www.dominovi.it\/es\/boletin-de-noticias\/","og_site_name":"Domino&reg;","article_modified_time":"2025-01-29T20:53:45+00:00","twitter_card":"summary_large_image","schema":{"@context":"https:\/\/schema.org","@graph":[{"@type":"WebPage","@id":"https:\/\/www.dominovi.it\/es\/boletin-de-noticias\/","url":"https:\/\/www.dominovi.it\/es\/boletin-de-noticias\/","name":"Bolet\u00edn de noticias - Domino&reg;","isPartOf":{"@id":"https:\/\/www.dominovi.it\/es\/#website"},"datePublished":"2022-10-06T14:43:55+00:00","dateModified":"2025-01-29T20:53:45+00:00","breadcrumb":{"@id":"https:\/\/www.dominovi.it\/es\/boletin-de-noticias\/#breadcrumb"},"inLanguage":"es","potentialAction":[{"@type":"ReadAction","target":["https:\/\/www.dominovi.it\/es\/boletin-de-noticias\/"]}]},{"@type":"BreadcrumbList","@id":"https:\/\/www.dominovi.it\/es\/boletin-de-noticias\/#breadcrumb","itemListElement":[{"@type":"ListItem","position":1,"name":"Home","item":"https:\/\/www.dominovi.it\/es\/"},{"@type":"ListItem","position":2,"name":"Bolet\u00edn de noticias"}]},{"@type":"WebSite","@id":"https:\/\/www.dominovi.it\/es\/#website","url":"https:\/\/www.dominovi.it\/es\/","name":"Domino&reg;","description":"Bakery &amp; Pastry Equipment","potentialAction":[{"@type":"SearchAction","target":{"@type":"EntryPoint","urlTemplate":"https:\/\/www.dominovi.it\/es\/?s={search_term_string}"},"query-input":{"@type":"PropertyValueSpecification","valueRequired":true,"valueName":"search_term_string"}}],"inLanguage":"es"}]}},"_links":{"self":[{"href":"https:\/\/www.dominovi.it\/es\/wp-json\/wp\/v2\/pages\/1693","targetHints":{"allow":["GET"]}}],"collection":[{"href":"https:\/\/www.dominovi.it\/es\/wp-json\/wp\/v2\/pages"}],"about":[{"href":"https:\/\/www.dominovi.it\/es\/wp-json\/wp\/v2\/types\/page"}],"author":[{"embeddable":true,"href":"https:\/\/www.dominovi.it\/es\/wp-json\/wp\/v2\/users\/1"}],"replies":[{"embeddable":true,"href":"https:\/\/www.dominovi.it\/es\/wp-json\/wp\/v2\/comments?post=1693"}],"version-history":[{"count":3,"href":"https:\/\/www.dominovi.it\/es\/wp-json\/wp\/v2\/pages\/1693\/revisions"}],"predecessor-version":[{"id":2231,"href":"https:\/\/www.dominovi.it\/es\/wp-json\/wp\/v2\/pages\/1693\/revisions\/2231"}],"wp:attachment":[{"href":"https:\/\/www.dominovi.it\/es\/wp-json\/wp\/v2\/media?parent=1693"}],"curies":[{"name":"wp","href":"https:\/\/api.w.org\/{rel}","templated":true}]}}