{"id":1698,"date":"2022-11-11T12:03:45","date_gmt":"2022-11-11T11:03:45","guid":{"rendered":"https:\/\/www.dominovi.it\/socios\/"},"modified":"2023-01-19T21:40:41","modified_gmt":"2023-01-19T20:40:41","slug":"socios","status":"publish","type":"page","link":"https:\/\/www.dominovi.it\/es\/socios\/","title":{"rendered":"Socios"},"content":{"rendered":"\t\t<div data-elementor-type=\"wp-page\" data-elementor-id=\"1698\" class=\"elementor elementor-1698 elementor-821\" data-elementor-post-type=\"page\">\n\t\t\t\t\t\t<section class=\"elementor-section elementor-top-section elementor-element elementor-element-b576977 elementor-section-stretched elementor-section-boxed elementor-section-height-default elementor-section-height-default\" data-id=\"b576977\" data-element_type=\"section\" data-e-type=\"section\" data-settings=\"{&quot;stretch_section&quot;:&quot;section-stretched&quot;,&quot;background_background&quot;:&quot;classic&quot;}\">\n\t\t\t\t\t\t\t<div class=\"elementor-background-overlay\"><\/div>\n\t\t\t\t\t\t\t<div class=\"elementor-container elementor-column-gap-default\">\n\t\t\t\t\t<div class=\"elementor-column elementor-col-100 elementor-top-column elementor-element elementor-element-d51e1d0\" data-id=\"d51e1d0\" data-element_type=\"column\" data-e-type=\"column\">\n\t\t\t<div class=\"elementor-widget-wrap elementor-element-populated\">\n\t\t\t\t\t\t<div class=\"elementor-element elementor-element-de0a6d7 elementor-widget elementor-widget-heading\" data-id=\"de0a6d7\" data-element_type=\"widget\" data-e-type=\"widget\" data-widget_type=\"heading.default\">\n\t\t\t\t<div class=\"elementor-widget-container\">\n\t\t\t\t\t<h2 class=\"elementor-heading-title elementor-size-default\">Socios<\/h2>\t\t\t\t<\/div>\n\t\t\t\t<\/div>\n\t\t\t\t<div class=\"elementor-element elementor-element-f332a73 elementor-align-center elementor-widget elementor-widget-raven-breadcrumbs\" data-id=\"f332a73\" data-element_type=\"widget\" data-e-type=\"widget\" data-widget_type=\"raven-breadcrumbs.default\">\n\t\t\t\t<div class=\"elementor-widget-container\">\n\t\t\t\t\t<div class=\"raven-breadcrumbs raven-breadcrumbs-default\"><div class=\"breadcrumb\">\t\t\t\t\t\t\t\t<div class=\"breadcrumb-item active\" aria-current=\"page\"><span>Home<\/span><\/div>\n\n\t\t\t\t<\/div><\/div>\t\t\t\t<\/div>\n\t\t\t\t<\/div>\n\t\t\t\t\t<\/div>\n\t\t<\/div>\n\t\t\t\t\t<\/div>\n\t\t<\/section>\n\t\t\t\t<section class=\"elementor-section elementor-top-section elementor-element elementor-element-c911dd6 elementor-section-boxed elementor-section-height-default elementor-section-height-default\" data-id=\"c911dd6\" data-element_type=\"section\" data-e-type=\"section\">\n\t\t\t\t\t\t<div class=\"elementor-container elementor-column-gap-default\">\n\t\t\t\t\t<div class=\"elementor-column elementor-col-100 elementor-top-column elementor-element elementor-element-04f5e34\" data-id=\"04f5e34\" data-element_type=\"column\" data-e-type=\"column\">\n\t\t\t<div class=\"elementor-widget-wrap elementor-element-populated\">\n\t\t\t\t\t\t<div class=\"elementor-element elementor-element-7e45ac6 elementor-widget elementor-widget-heading\" data-id=\"7e45ac6\" data-element_type=\"widget\" data-e-type=\"widget\" data-widget_type=\"heading.default\">\n\t\t\t\t<div class=\"elementor-widget-container\">\n\t\t\t\t\t<h2 class=\"elementor-heading-title elementor-size-default\">La importancia del trabajo en equipo<\/h2>\t\t\t\t<\/div>\n\t\t\t\t<\/div>\n\t\t\t\t<div class=\"elementor-element elementor-element-1bfd83c elementor-widget elementor-widget-heading\" data-id=\"1bfd83c\" data-element_type=\"widget\" data-e-type=\"widget\" data-widget_type=\"heading.default\">\n\t\t\t\t<div class=\"elementor-widget-container\">\n\t\t\t\t\t<h2 class=\"elementor-heading-title elementor-size-default\">Como una gran familia, valoramos la colaboraci\u00f3n.<\/h2>\t\t\t\t<\/div>\n\t\t\t\t<\/div>\n\t\t\t\t\t<\/div>\n\t\t<\/div>\n\t\t\t\t\t<\/div>\n\t\t<\/section>\n\t\t\t\t<section class=\"elementor-section elementor-top-section elementor-element elementor-element-5d2527e elementor-section-boxed elementor-section-height-default elementor-section-height-default\" data-id=\"5d2527e\" data-element_type=\"section\" data-e-type=\"section\" data-settings=\"{&quot;background_background&quot;:&quot;classic&quot;}\">\n\t\t\t\t\t\t<div class=\"elementor-container elementor-column-gap-default\">\n\t\t\t\t\t<div class=\"elementor-column elementor-col-100 elementor-top-column elementor-element elementor-element-bc4e602 elementor-invisible\" data-id=\"bc4e602\" data-element_type=\"column\" data-e-type=\"column\" data-settings=\"{&quot;background_background&quot;:&quot;classic&quot;,&quot;animation&quot;:&quot;fadeInUp&quot;,&quot;animation_delay&quot;:300}\">\n\t\t\t<div class=\"elementor-widget-wrap elementor-element-populated\">\n\t\t\t\t\t\t<div class=\"elementor-element elementor-element-c577d9e elementor-widget elementor-widget-heading\" data-id=\"c577d9e\" data-element_type=\"widget\" data-e-type=\"widget\" data-widget_type=\"heading.default\">\n\t\t\t\t<div class=\"elementor-widget-container\">\n\t\t\t\t\t<h2 class=\"elementor-heading-title elementor-size-default\">Esta secci\u00f3n est\u00e1 en construcci\u00f3n: vuelva pronto para descubrir todos los socios de Domino<\/h2>\t\t\t\t<\/div>\n\t\t\t\t<\/div>\n\t\t\t\t\t<\/div>\n\t\t<\/div>\n\t\t\t\t\t<\/div>\n\t\t<\/section>\n\t\t\t\t<section class=\"elementor-section elementor-top-section elementor-element elementor-element-a5aeceb elementor-hidden-desktop elementor-hidden-tablet elementor-hidden-mobile elementor-section-boxed elementor-section-height-default elementor-section-height-default\" data-id=\"a5aeceb\" data-element_type=\"section\" data-e-type=\"section\" data-settings=\"{&quot;background_background&quot;:&quot;classic&quot;}\">\n\t\t\t\t\t\t<div class=\"elementor-container elementor-column-gap-default\">\n\t\t\t\t\t<div class=\"elementor-column elementor-col-33 elementor-top-column elementor-element elementor-element-3603b2e elementor-invisible\" data-id=\"3603b2e\" data-element_type=\"column\" data-e-type=\"column\" data-settings=\"{&quot;background_background&quot;:&quot;classic&quot;,&quot;animation&quot;:&quot;fadeInUp&quot;,&quot;animation_delay&quot;:300}\">\n\t\t\t<div class=\"elementor-widget-wrap elementor-element-populated\">\n\t\t\t\t\t\t<div class=\"elementor-element elementor-element-345523d elementor-widget elementor-widget-image\" data-id=\"345523d\" data-element_type=\"widget\" data-e-type=\"widget\" data-widget_type=\"image.default\">\n\t\t\t\t<div class=\"elementor-widget-container\">\n\t\t\t\t\t\t\t\t\t\t\t\t\t\t\t<img fetchpriority=\"high\" decoding=\"async\" width=\"957\" height=\"600\" src=\"https:\/\/www.dominovi.it\/wp-content\/uploads\/2022\/11\/domino_rivenditori_matarrese.webp\" class=\"attachment-large size-large wp-image-828\" alt=\"\" srcset=\"https:\/\/www.dominovi.it\/wp-content\/uploads\/2022\/11\/domino_rivenditori_matarrese.webp 957w, https:\/\/www.dominovi.it\/wp-content\/uploads\/2022\/11\/domino_rivenditori_matarrese-300x188.webp 300w, https:\/\/www.dominovi.it\/wp-content\/uploads\/2022\/11\/domino_rivenditori_matarrese-768x482.webp 768w\" sizes=\"(max-width: 957px) 100vw, 957px\" \/>\t\t\t\t\t\t\t\t\t\t\t\t\t\t\t<\/div>\n\t\t\t\t<\/div>\n\t\t\t\t\t<\/div>\n\t\t<\/div>\n\t\t\t\t<div class=\"elementor-column elementor-col-33 elementor-top-column elementor-element elementor-element-2ee446f elementor-invisible\" data-id=\"2ee446f\" data-element_type=\"column\" data-e-type=\"column\" data-settings=\"{&quot;background_background&quot;:&quot;classic&quot;,&quot;animation&quot;:&quot;fadeInUp&quot;,&quot;animation_delay&quot;:300}\">\n\t\t\t<div class=\"elementor-widget-wrap\">\n\t\t\t\t\t\t\t<\/div>\n\t\t<\/div>\n\t\t\t\t<div class=\"elementor-column elementor-col-33 elementor-top-column elementor-element elementor-element-e96f145 elementor-invisible\" data-id=\"e96f145\" data-element_type=\"column\" data-e-type=\"column\" data-settings=\"{&quot;background_background&quot;:&quot;classic&quot;,&quot;animation&quot;:&quot;fadeInUp&quot;,&quot;animation_delay&quot;:300}\">\n\t\t\t<div class=\"elementor-widget-wrap\">\n\t\t\t\t\t\t\t<\/div>\n\t\t<\/div>\n\t\t\t\t\t<\/div>\n\t\t<\/section>\n\t\t\t\t<\/div>\n\t\t","protected":false},"excerpt":{"rendered":"<p>Home La importancia del trabajo en equipo Como una gran familia, valoramos la colaboraci\u00f3n. Esta secci\u00f3n est\u00e1 en construcci\u00f3n: vuelva pronto para descubrir todos los socios de Domino<\/p>\n","protected":false},"author":1,"featured_media":0,"parent":0,"menu_order":0,"comment_status":"closed","ping_status":"closed","template":"elementor_header_footer","meta":{"_acf_changed":false,"footnotes":""},"class_list":["post-1698","page","type-page","status-publish","hentry"],"acf":[],"yoast_head":"<!-- This site is optimized with the Yoast SEO plugin v27.5 - https:\/\/yoast.com\/product\/yoast-seo-wordpress\/ -->\n<title>Socios - Domino&reg;<\/title>\n<meta name=\"robots\" content=\"index, follow, max-snippet:-1, max-image-preview:large, max-video-preview:-1\" \/>\n<link rel=\"canonical\" href=\"https:\/\/www.dominovi.it\/es\/socios\/\" \/>\n<meta property=\"og:locale\" content=\"es_ES\" \/>\n<meta property=\"og:type\" content=\"article\" \/>\n<meta property=\"og:title\" content=\"Socios - Domino&reg;\" \/>\n<meta property=\"og:description\" content=\"Home La importancia del trabajo en equipo Como una gran familia, valoramos la colaboraci\u00f3n. Esta secci\u00f3n est\u00e1 en construcci\u00f3n: vuelva pronto para descubrir todos los socios de Domino\" \/>\n<meta property=\"og:url\" content=\"https:\/\/www.dominovi.it\/es\/socios\/\" \/>\n<meta property=\"og:site_name\" content=\"Domino&reg;\" \/>\n<meta property=\"article:modified_time\" content=\"2023-01-19T20:40:41+00:00\" \/>\n<meta property=\"og:image\" content=\"https:\/\/www.dominovi.it\/wp-content\/uploads\/2022\/11\/domino_rivenditori_matarrese.webp\" \/>\n<meta name=\"twitter:card\" content=\"summary_large_image\" \/>\n<script type=\"application\/ld+json\" class=\"yoast-schema-graph\">{\"@context\":\"https:\\\/\\\/schema.org\",\"@graph\":[{\"@type\":\"WebPage\",\"@id\":\"https:\\\/\\\/www.dominovi.it\\\/es\\\/socios\\\/\",\"url\":\"https:\\\/\\\/www.dominovi.it\\\/es\\\/socios\\\/\",\"name\":\"Socios - Domino&reg;\",\"isPartOf\":{\"@id\":\"https:\\\/\\\/www.dominovi.it\\\/es\\\/#website\"},\"primaryImageOfPage\":{\"@id\":\"https:\\\/\\\/www.dominovi.it\\\/es\\\/socios\\\/#primaryimage\"},\"image\":{\"@id\":\"https:\\\/\\\/www.dominovi.it\\\/es\\\/socios\\\/#primaryimage\"},\"thumbnailUrl\":\"https:\\\/\\\/www.dominovi.it\\\/wp-content\\\/uploads\\\/2022\\\/11\\\/domino_rivenditori_matarrese.webp\",\"datePublished\":\"2022-11-11T11:03:45+00:00\",\"dateModified\":\"2023-01-19T20:40:41+00:00\",\"breadcrumb\":{\"@id\":\"https:\\\/\\\/www.dominovi.it\\\/es\\\/socios\\\/#breadcrumb\"},\"inLanguage\":\"es\",\"potentialAction\":[{\"@type\":\"ReadAction\",\"target\":[\"https:\\\/\\\/www.dominovi.it\\\/es\\\/socios\\\/\"]}]},{\"@type\":\"ImageObject\",\"inLanguage\":\"es\",\"@id\":\"https:\\\/\\\/www.dominovi.it\\\/es\\\/socios\\\/#primaryimage\",\"url\":\"https:\\\/\\\/www.dominovi.it\\\/wp-content\\\/uploads\\\/2022\\\/11\\\/domino_rivenditori_matarrese.webp\",\"contentUrl\":\"https:\\\/\\\/www.dominovi.it\\\/wp-content\\\/uploads\\\/2022\\\/11\\\/domino_rivenditori_matarrese.webp\"},{\"@type\":\"BreadcrumbList\",\"@id\":\"https:\\\/\\\/www.dominovi.it\\\/es\\\/socios\\\/#breadcrumb\",\"itemListElement\":[{\"@type\":\"ListItem\",\"position\":1,\"name\":\"Home\",\"item\":\"https:\\\/\\\/www.dominovi.it\\\/es\\\/\"},{\"@type\":\"ListItem\",\"position\":2,\"name\":\"Socios\"}]},{\"@type\":\"WebSite\",\"@id\":\"https:\\\/\\\/www.dominovi.it\\\/es\\\/#website\",\"url\":\"https:\\\/\\\/www.dominovi.it\\\/es\\\/\",\"name\":\"Domino&reg;\",\"description\":\"Bakery &amp; Pastry Equipment\",\"potentialAction\":[{\"@type\":\"SearchAction\",\"target\":{\"@type\":\"EntryPoint\",\"urlTemplate\":\"https:\\\/\\\/www.dominovi.it\\\/es\\\/?s={search_term_string}\"},\"query-input\":{\"@type\":\"PropertyValueSpecification\",\"valueRequired\":true,\"valueName\":\"search_term_string\"}}],\"inLanguage\":\"es\"}]}<\/script>\n<!-- \/ Yoast SEO plugin. -->","yoast_head_json":{"title":"Socios - Domino&reg;","robots":{"index":"index","follow":"follow","max-snippet":"max-snippet:-1","max-image-preview":"max-image-preview:large","max-video-preview":"max-video-preview:-1"},"canonical":"https:\/\/www.dominovi.it\/es\/socios\/","og_locale":"es_ES","og_type":"article","og_title":"Socios - Domino&reg;","og_description":"Home La importancia del trabajo en equipo Como una gran familia, valoramos la colaboraci\u00f3n. Esta secci\u00f3n est\u00e1 en construcci\u00f3n: vuelva pronto para descubrir todos los socios de Domino","og_url":"https:\/\/www.dominovi.it\/es\/socios\/","og_site_name":"Domino&reg;","article_modified_time":"2023-01-19T20:40:41+00:00","og_image":[{"url":"https:\/\/www.dominovi.it\/wp-content\/uploads\/2022\/11\/domino_rivenditori_matarrese.webp","type":"","width":"","height":""}],"twitter_card":"summary_large_image","schema":{"@context":"https:\/\/schema.org","@graph":[{"@type":"WebPage","@id":"https:\/\/www.dominovi.it\/es\/socios\/","url":"https:\/\/www.dominovi.it\/es\/socios\/","name":"Socios - Domino&reg;","isPartOf":{"@id":"https:\/\/www.dominovi.it\/es\/#website"},"primaryImageOfPage":{"@id":"https:\/\/www.dominovi.it\/es\/socios\/#primaryimage"},"image":{"@id":"https:\/\/www.dominovi.it\/es\/socios\/#primaryimage"},"thumbnailUrl":"https:\/\/www.dominovi.it\/wp-content\/uploads\/2022\/11\/domino_rivenditori_matarrese.webp","datePublished":"2022-11-11T11:03:45+00:00","dateModified":"2023-01-19T20:40:41+00:00","breadcrumb":{"@id":"https:\/\/www.dominovi.it\/es\/socios\/#breadcrumb"},"inLanguage":"es","potentialAction":[{"@type":"ReadAction","target":["https:\/\/www.dominovi.it\/es\/socios\/"]}]},{"@type":"ImageObject","inLanguage":"es","@id":"https:\/\/www.dominovi.it\/es\/socios\/#primaryimage","url":"https:\/\/www.dominovi.it\/wp-content\/uploads\/2022\/11\/domino_rivenditori_matarrese.webp","contentUrl":"https:\/\/www.dominovi.it\/wp-content\/uploads\/2022\/11\/domino_rivenditori_matarrese.webp"},{"@type":"BreadcrumbList","@id":"https:\/\/www.dominovi.it\/es\/socios\/#breadcrumb","itemListElement":[{"@type":"ListItem","position":1,"name":"Home","item":"https:\/\/www.dominovi.it\/es\/"},{"@type":"ListItem","position":2,"name":"Socios"}]},{"@type":"WebSite","@id":"https:\/\/www.dominovi.it\/es\/#website","url":"https:\/\/www.dominovi.it\/es\/","name":"Domino&reg;","description":"Bakery &amp; Pastry Equipment","potentialAction":[{"@type":"SearchAction","target":{"@type":"EntryPoint","urlTemplate":"https:\/\/www.dominovi.it\/es\/?s={search_term_string}"},"query-input":{"@type":"PropertyValueSpecification","valueRequired":true,"valueName":"search_term_string"}}],"inLanguage":"es"}]}},"_links":{"self":[{"href":"https:\/\/www.dominovi.it\/es\/wp-json\/wp\/v2\/pages\/1698","targetHints":{"allow":["GET"]}}],"collection":[{"href":"https:\/\/www.dominovi.it\/es\/wp-json\/wp\/v2\/pages"}],"about":[{"href":"https:\/\/www.dominovi.it\/es\/wp-json\/wp\/v2\/types\/page"}],"author":[{"embeddable":true,"href":"https:\/\/www.dominovi.it\/es\/wp-json\/wp\/v2\/users\/1"}],"replies":[{"embeddable":true,"href":"https:\/\/www.dominovi.it\/es\/wp-json\/wp\/v2\/comments?post=1698"}],"version-history":[{"count":2,"href":"https:\/\/www.dominovi.it\/es\/wp-json\/wp\/v2\/pages\/1698\/revisions"}],"predecessor-version":[{"id":1811,"href":"https:\/\/www.dominovi.it\/es\/wp-json\/wp\/v2\/pages\/1698\/revisions\/1811"}],"wp:attachment":[{"href":"https:\/\/www.dominovi.it\/es\/wp-json\/wp\/v2\/media?parent=1698"}],"curies":[{"name":"wp","href":"https:\/\/api.w.org\/{rel}","templated":true}]}}