{"id":1679,"date":"2022-11-11T12:29:52","date_gmt":"2022-11-11T11:29:52","guid":{"rendered":"https:\/\/www.dominovi.it\/entrepot\/"},"modified":"2023-01-19T21:40:15","modified_gmt":"2023-01-19T20:40:15","slug":"entrepot","status":"publish","type":"page","link":"https:\/\/www.dominovi.it\/fr\/entrepot\/","title":{"rendered":"Entrep\u00f4t"},"content":{"rendered":"\t\t<div data-elementor-type=\"wp-page\" data-elementor-id=\"1679\" class=\"elementor elementor-1679 elementor-834\" data-elementor-post-type=\"page\">\n\t\t\t\t\t\t<section class=\"elementor-section elementor-top-section elementor-element elementor-element-b576977 elementor-section-stretched elementor-section-boxed elementor-section-height-default elementor-section-height-default\" data-id=\"b576977\" data-element_type=\"section\" data-e-type=\"section\" data-settings=\"{&quot;stretch_section&quot;:&quot;section-stretched&quot;,&quot;background_background&quot;:&quot;classic&quot;}\">\n\t\t\t\t\t\t\t<div class=\"elementor-background-overlay\"><\/div>\n\t\t\t\t\t\t\t<div class=\"elementor-container elementor-column-gap-default\">\n\t\t\t\t\t<div class=\"elementor-column elementor-col-100 elementor-top-column elementor-element elementor-element-d51e1d0\" data-id=\"d51e1d0\" data-element_type=\"column\" data-e-type=\"column\">\n\t\t\t<div class=\"elementor-widget-wrap elementor-element-populated\">\n\t\t\t\t\t\t<div class=\"elementor-element elementor-element-de0a6d7 elementor-widget elementor-widget-heading\" data-id=\"de0a6d7\" data-element_type=\"widget\" data-e-type=\"widget\" data-widget_type=\"heading.default\">\n\t\t\t\t<div class=\"elementor-widget-container\">\n\t\t\t\t\t<h2 class=\"elementor-heading-title elementor-size-default\">Entrep\u00f4t<\/h2>\t\t\t\t<\/div>\n\t\t\t\t<\/div>\n\t\t\t\t<div class=\"elementor-element elementor-element-f332a73 elementor-align-center elementor-widget elementor-widget-raven-breadcrumbs\" data-id=\"f332a73\" data-element_type=\"widget\" data-e-type=\"widget\" data-widget_type=\"raven-breadcrumbs.default\">\n\t\t\t\t<div class=\"elementor-widget-container\">\n\t\t\t\t\t<div class=\"raven-breadcrumbs raven-breadcrumbs-default\"><div class=\"breadcrumb\">\t\t\t\t\t\t\t\t<div class=\"breadcrumb-item active\" aria-current=\"page\"><span>Home<\/span><\/div>\n\n\t\t\t\t<\/div><\/div>\t\t\t\t<\/div>\n\t\t\t\t<\/div>\n\t\t\t\t\t<\/div>\n\t\t<\/div>\n\t\t\t\t\t<\/div>\n\t\t<\/section>\n\t\t\t\t<section class=\"elementor-section elementor-top-section elementor-element elementor-element-c911dd6 elementor-section-boxed elementor-section-height-default elementor-section-height-default\" data-id=\"c911dd6\" data-element_type=\"section\" data-e-type=\"section\">\n\t\t\t\t\t\t<div class=\"elementor-container elementor-column-gap-default\">\n\t\t\t\t\t<div class=\"elementor-column elementor-col-100 elementor-top-column elementor-element elementor-element-04f5e34\" data-id=\"04f5e34\" data-element_type=\"column\" data-e-type=\"column\">\n\t\t\t<div class=\"elementor-widget-wrap elementor-element-populated\">\n\t\t\t\t\t\t<div class=\"elementor-element elementor-element-b04d625 elementor-widget elementor-widget-heading\" data-id=\"b04d625\" data-element_type=\"widget\" data-e-type=\"widget\" data-widget_type=\"heading.default\">\n\t\t\t\t<div class=\"elementor-widget-container\">\n\t\t\t\t\t<h2 class=\"elementor-heading-title elementor-size-default\">Pr\u00eat pour la livraison ?<\/h2>\t\t\t\t<\/div>\n\t\t\t\t<\/div>\n\t\t\t\t<section class=\"elementor-section elementor-inner-section elementor-element elementor-element-da2bff1 elementor-section-full_width elementor-section-height-default elementor-section-height-default\" data-id=\"da2bff1\" data-element_type=\"section\" data-e-type=\"section\">\n\t\t\t\t\t\t<div class=\"elementor-container elementor-column-gap-default\">\n\t\t\t\t\t<div class=\"elementor-column elementor-col-100 elementor-inner-column elementor-element elementor-element-ab3cec5\" data-id=\"ab3cec5\" data-element_type=\"column\" data-e-type=\"column\">\n\t\t\t<div class=\"elementor-widget-wrap elementor-element-populated\">\n\t\t\t\t\t\t<div class=\"elementor-element elementor-element-1bfd83c elementor-widget elementor-widget-heading\" data-id=\"1bfd83c\" data-element_type=\"widget\" data-e-type=\"widget\" data-widget_type=\"heading.default\">\n\t\t\t\t<div class=\"elementor-widget-container\">\n\t\t\t\t\t<h2 class=\"elementor-heading-title elementor-size-default\">Une gestion minutieuse du travail, une \u00e9quipe exceptionnelle et le travail inlassable de tous nos employ\u00e9s :\nen termes de vitesse de production, nous sommes in\u00e9gal\u00e9s.<\/h2>\t\t\t\t<\/div>\n\t\t\t\t<\/div>\n\t\t\t\t\t<\/div>\n\t\t<\/div>\n\t\t\t\t\t<\/div>\n\t\t<\/section>\n\t\t\t\t\t<\/div>\n\t\t<\/div>\n\t\t\t\t\t<\/div>\n\t\t<\/section>\n\t\t\t\t<section class=\"elementor-section elementor-top-section elementor-element elementor-element-399c021 elementor-section-boxed elementor-section-height-default elementor-section-height-default\" data-id=\"399c021\" data-element_type=\"section\" data-e-type=\"section\">\n\t\t\t\t\t\t<div class=\"elementor-container elementor-column-gap-default\">\n\t\t\t\t\t<div class=\"elementor-column elementor-col-100 elementor-top-column elementor-element elementor-element-9546f71\" data-id=\"9546f71\" data-element_type=\"column\" data-e-type=\"column\">\n\t\t\t<div class=\"elementor-widget-wrap elementor-element-populated\">\n\t\t\t\t\t\t<div class=\"elementor-element elementor-element-b7410da elementor-widget elementor-widget-heading\" data-id=\"b7410da\" data-element_type=\"widget\" data-e-type=\"widget\" data-widget_type=\"heading.default\">\n\t\t\t\t<div class=\"elementor-widget-container\">\n\t\t\t\t\t<h2 class=\"elementor-heading-title elementor-size-default\">Il n'y a actuellement aucune machine pr\u00eate \u00e0 \u00eatre livr\u00e9e.<br> Revenez bient\u00f4t pour d\u00e9couvrir la suite !<\/h2>\t\t\t\t<\/div>\n\t\t\t\t<\/div>\n\t\t\t\t\t<\/div>\n\t\t<\/div>\n\t\t\t\t\t<\/div>\n\t\t<\/section>\n\t\t\t\t<section class=\"elementor-section elementor-top-section elementor-element elementor-element-63d7152 elementor-section-stretched elementor-hidden-desktop elementor-hidden-tablet elementor-hidden-mobile elementor-section-boxed elementor-section-height-default elementor-section-height-default\" data-id=\"63d7152\" data-element_type=\"section\" data-e-type=\"section\" data-settings=\"{&quot;stretch_section&quot;:&quot;section-stretched&quot;}\">\n\t\t\t\t\t\t<div class=\"elementor-container elementor-column-gap-default\">\n\t\t\t\t\t<div class=\"elementor-column elementor-col-100 elementor-top-column elementor-element elementor-element-8baa4d8\" data-id=\"8baa4d8\" data-element_type=\"column\" data-e-type=\"column\">\n\t\t\t<div class=\"elementor-widget-wrap elementor-element-populated\">\n\t\t\t\t\t\t<section class=\"elementor-section elementor-inner-section elementor-element elementor-element-1ef7dc8 elementor-section-full_width elementor-section-height-default elementor-section-height-default\" data-id=\"1ef7dc8\" data-element_type=\"section\" data-e-type=\"section\" data-settings=\"{&quot;background_background&quot;:&quot;classic&quot;}\">\n\t\t\t\t\t\t<div class=\"elementor-container elementor-column-gap-default\">\n\t\t\t\t\t<div class=\"elementor-column elementor-col-50 elementor-inner-column elementor-element elementor-element-d30e034\" data-id=\"d30e034\" data-element_type=\"column\" data-e-type=\"column\" data-settings=\"{&quot;background_background&quot;:&quot;classic&quot;}\">\n\t\t\t<div class=\"elementor-widget-wrap elementor-element-populated\">\n\t\t\t\t\t\t<div class=\"elementor-element elementor-element-fa51955 elementor-widget elementor-widget-image\" data-id=\"fa51955\" data-element_type=\"widget\" data-e-type=\"widget\" data-widget_type=\"image.default\">\n\t\t\t\t<div class=\"elementor-widget-container\">\n\t\t\t\t\t\t\t\t\t\t\t\t\t\t\t<img fetchpriority=\"high\" decoding=\"async\" width=\"1024\" height=\"1024\" src=\"https:\/\/www.dominovi.it\/wp-content\/uploads\/2022\/10\/domino_mama-photo_1-1024x1024.jpg\" class=\"attachment-large size-large wp-image-347\" alt=\"\" srcset=\"https:\/\/www.dominovi.it\/wp-content\/uploads\/2022\/10\/domino_mama-photo_1-1024x1024.jpg 1024w, https:\/\/www.dominovi.it\/wp-content\/uploads\/2022\/10\/domino_mama-photo_1-300x300.jpg 300w, https:\/\/www.dominovi.it\/wp-content\/uploads\/2022\/10\/domino_mama-photo_1-150x150.jpg 150w, https:\/\/www.dominovi.it\/wp-content\/uploads\/2022\/10\/domino_mama-photo_1-768x768.jpg 768w, https:\/\/www.dominovi.it\/wp-content\/uploads\/2022\/10\/domino_mama-photo_1-500x500.jpg 500w, https:\/\/www.dominovi.it\/wp-content\/uploads\/2022\/10\/domino_mama-photo_1.jpg 1300w\" sizes=\"(max-width: 1024px) 100vw, 1024px\" \/>\t\t\t\t\t\t\t\t\t\t\t\t\t\t\t<\/div>\n\t\t\t\t<\/div>\n\t\t\t\t\t<\/div>\n\t\t<\/div>\n\t\t\t\t<div class=\"elementor-column elementor-col-50 elementor-inner-column elementor-element elementor-element-0b06948\" data-id=\"0b06948\" data-element_type=\"column\" data-e-type=\"column\" data-settings=\"{&quot;background_background&quot;:&quot;classic&quot;}\">\n\t\t\t<div class=\"elementor-widget-wrap elementor-element-populated\">\n\t\t\t\t\t\t<div class=\"elementor-element elementor-element-3e50c4f elementor-widget__width-auto elementor-widget elementor-widget-heading\" data-id=\"3e50c4f\" data-element_type=\"widget\" data-e-type=\"widget\" data-widget_type=\"heading.default\">\n\t\t\t\t<div class=\"elementor-widget-container\">\n\t\t\t\t\t<h2 class=\"elementor-heading-title elementor-size-default\">MAMA<\/h2>\t\t\t\t<\/div>\n\t\t\t\t<\/div>\n\t\t\t\t<div class=\"elementor-element elementor-element-6d59586 elementor-widget__width-auto elementor-widget elementor-widget-heading\" data-id=\"6d59586\" data-element_type=\"widget\" data-e-type=\"widget\" data-widget_type=\"heading.default\">\n\t\t\t\t<div class=\"elementor-widget-container\">\n\t\t\t\t\t<h2 class=\"elementor-heading-title elementor-size-default\">30 TOUCH<\/h2>\t\t\t\t<\/div>\n\t\t\t\t<\/div>\n\t\t\t\t<div class=\"elementor-element elementor-element-acad064 elementor-widget__width-auto elementor-widget elementor-widget-heading\" data-id=\"acad064\" data-element_type=\"widget\" data-e-type=\"widget\" data-widget_type=\"heading.default\">\n\t\t\t\t<div class=\"elementor-widget-container\">\n\t\t\t\t\t<h2 class=\"elementor-heading-title elementor-size-default\">Domino Excellence<\/h2>\t\t\t\t<\/div>\n\t\t\t\t<\/div>\n\t\t\t\t<div class=\"elementor-element elementor-element-82c42a0 elementor-widget elementor-widget-text-editor\" data-id=\"82c42a0\" data-element_type=\"widget\" data-e-type=\"widget\" data-widget_type=\"text-editor.default\">\n\t\t\t\t<div class=\"elementor-widget-container\">\n\t\t\t\t\t\t\t\t\t<p>MAMA est une machine technologique capable de g\u00e9n\u00e9rer et de stocker du levain sous forme liquide, \u00e9quip\u00e9e de programmes de contr\u00f4le du temps et de la temp\u00e9rature. Cette machine innovante facilite le traitement du levain et permet d&rsquo;obtenir un produit toujours uniforme, parfum\u00e9 et digeste.<\/p>\n\t\t\t\t\t\t\t\t<\/div>\n\t\t\t\t<\/div>\n\t\t\t\t<div class=\"elementor-element elementor-element-41d1c72 elementor-align-left elementor-widget__width-auto elementor-widget elementor-widget-raven-button\" data-id=\"41d1c72\" data-element_type=\"widget\" data-e-type=\"widget\" data-settings=\"{&quot;turn_to_popup_action_button&quot;:&quot;no&quot;}\" data-widget_type=\"raven-button.default\">\n\t\t\t\t<div class=\"elementor-widget-container\">\n\t\t\t\t\t\t\t<div class=\"raven-widget-wrapper\">\n\t\t\t<a class=\"raven-button raven-button-widget-normal-effect-none  raven-button-text-align-center raven-button-link elementor-animation-none\" href=\"#\">\t\t\t\t<div class=\"raven-button-overlay\" ><\/div>\n\t\t\t\t<span class=\"raven-button-content\">\n\t\t\t\t\t\n\t\t\t\t\t<div class=\"button-text-container\">\n\t\t\t\t\t\t\t\t\t\t\t\t<div class=\"raven-button-texts-wrapper\">\n\t\t\t\t\t\t\t<div class=\"button-text\">\n\t\t\t\t\t\t\t\t<span class=\"raven-button-text\">\n\t\t\t\t\t\t\t\t\tPAGE PRODUIT\t\t\t\t\t\t\t\t<\/span>\n\t\t\t\t\t\t\t<\/div>\n\t\t\t\t\t\t\t\t\t\t\t\t\t<\/div>\n\t\t\t\t\t\t\t\t\t\t\t<\/div>\n\t\t\t\t\t\n\t\t\t\t\t\t\t\t\t<\/span>\n\t\t\t<\/a>\t\t<\/div>\n\t\t\t\t\t\t<\/div>\n\t\t\t\t<\/div>\n\t\t\t\t<div class=\"elementor-element elementor-element-c6e6bc0 elementor-widget__width-auto elementor-icon-list--layout-traditional elementor-list-item-link-full_width elementor-widget elementor-widget-icon-list\" data-id=\"c6e6bc0\" data-element_type=\"widget\" data-e-type=\"widget\" data-widget_type=\"icon-list.default\">\n\t\t\t\t<div class=\"elementor-widget-container\">\n\t\t\t\t\t\t\t<ul class=\"elementor-icon-list-items\">\n\t\t\t\t\t\t\t<li class=\"elementor-icon-list-item\">\n\t\t\t\t\t\t\t\t\t\t\t<span class=\"elementor-icon-list-icon\">\n\t\t\t\t\t\t\t<i aria-hidden=\"true\" class=\"far fa-check-circle\"><\/i>\t\t\t\t\t\t<\/span>\n\t\t\t\t\t\t\t\t\t\t<span class=\"elementor-icon-list-text\">Disponible sur<\/span>\n\t\t\t\t\t\t\t\t\t<\/li>\n\t\t\t\t\t\t<\/ul>\n\t\t\t\t\t\t<\/div>\n\t\t\t\t<\/div>\n\t\t\t\t\t<\/div>\n\t\t<\/div>\n\t\t\t\t\t<\/div>\n\t\t<\/section>\n\t\t\t\t\t<\/div>\n\t\t<\/div>\n\t\t\t\t\t<\/div>\n\t\t<\/section>\n\t\t\t\t<\/div>\n\t\t","protected":false},"excerpt":{"rendered":"<p>Home Pr\u00eat pour la livraison ? Une gestion minutieuse du travail, une \u00e9quipe exceptionnelle et le travail inlassable de tous nos employ\u00e9s : en termes de vitesse de production, nous sommes in\u00e9gal\u00e9s. Il n&rsquo;y a actuellement aucune machine pr\u00eate \u00e0 \u00eatre livr\u00e9e. Revenez bient\u00f4t pour d\u00e9couvrir la suite ! MAMA 30 TOUCH Domino Excellence MAMA [&hellip;]<\/p>\n","protected":false},"author":1,"featured_media":0,"parent":0,"menu_order":0,"comment_status":"closed","ping_status":"closed","template":"elementor_header_footer","meta":{"_acf_changed":false,"footnotes":""},"class_list":["post-1679","page","type-page","status-publish","hentry"],"acf":[],"yoast_head":"<!-- This site is optimized with the Yoast SEO plugin v27.5 - https:\/\/yoast.com\/product\/yoast-seo-wordpress\/ -->\n<title>Entrep\u00f4t - Domino&reg;<\/title>\n<meta name=\"robots\" content=\"index, follow, max-snippet:-1, max-image-preview:large, max-video-preview:-1\" \/>\n<link rel=\"canonical\" href=\"https:\/\/www.dominovi.it\/fr\/entrepot\/\" \/>\n<meta property=\"og:locale\" content=\"fr_FR\" \/>\n<meta property=\"og:type\" content=\"article\" \/>\n<meta property=\"og:title\" content=\"Entrep\u00f4t - Domino&reg;\" \/>\n<meta property=\"og:description\" content=\"Home Pr\u00eat pour la livraison ? Une gestion minutieuse du travail, une \u00e9quipe exceptionnelle et le travail inlassable de tous nos employ\u00e9s : en termes de vitesse de production, nous sommes in\u00e9gal\u00e9s. Il n&rsquo;y a actuellement aucune machine pr\u00eate \u00e0 \u00eatre livr\u00e9e. Revenez bient\u00f4t pour d\u00e9couvrir la suite ! MAMA 30 TOUCH Domino Excellence MAMA [&hellip;]\" \/>\n<meta property=\"og:url\" content=\"https:\/\/www.dominovi.it\/fr\/entrepot\/\" \/>\n<meta property=\"og:site_name\" content=\"Domino&reg;\" \/>\n<meta property=\"article:modified_time\" content=\"2023-01-19T20:40:15+00:00\" \/>\n<meta property=\"og:image\" content=\"https:\/\/www.dominovi.it\/wp-content\/uploads\/2022\/10\/domino_mama-photo_1-1024x1024.jpg\" \/>\n<meta name=\"twitter:card\" content=\"summary_large_image\" \/>\n<meta name=\"twitter:label1\" content=\"Dur\u00e9e de lecture estim\u00e9e\" \/>\n\t<meta name=\"twitter:data1\" content=\"1 minute\" \/>\n<script type=\"application\/ld+json\" class=\"yoast-schema-graph\">{\"@context\":\"https:\\\/\\\/schema.org\",\"@graph\":[{\"@type\":\"WebPage\",\"@id\":\"https:\\\/\\\/www.dominovi.it\\\/fr\\\/entrepot\\\/\",\"url\":\"https:\\\/\\\/www.dominovi.it\\\/fr\\\/entrepot\\\/\",\"name\":\"Entrep\u00f4t - Domino&reg;\",\"isPartOf\":{\"@id\":\"https:\\\/\\\/www.dominovi.it\\\/fr\\\/#website\"},\"primaryImageOfPage\":{\"@id\":\"https:\\\/\\\/www.dominovi.it\\\/fr\\\/entrepot\\\/#primaryimage\"},\"image\":{\"@id\":\"https:\\\/\\\/www.dominovi.it\\\/fr\\\/entrepot\\\/#primaryimage\"},\"thumbnailUrl\":\"https:\\\/\\\/www.dominovi.it\\\/wp-content\\\/uploads\\\/2022\\\/10\\\/domino_mama-photo_1-1024x1024.jpg\",\"datePublished\":\"2022-11-11T11:29:52+00:00\",\"dateModified\":\"2023-01-19T20:40:15+00:00\",\"breadcrumb\":{\"@id\":\"https:\\\/\\\/www.dominovi.it\\\/fr\\\/entrepot\\\/#breadcrumb\"},\"inLanguage\":\"fr-FR\",\"potentialAction\":[{\"@type\":\"ReadAction\",\"target\":[\"https:\\\/\\\/www.dominovi.it\\\/fr\\\/entrepot\\\/\"]}]},{\"@type\":\"ImageObject\",\"inLanguage\":\"fr-FR\",\"@id\":\"https:\\\/\\\/www.dominovi.it\\\/fr\\\/entrepot\\\/#primaryimage\",\"url\":\"https:\\\/\\\/www.dominovi.it\\\/wp-content\\\/uploads\\\/2022\\\/10\\\/domino_mama-photo_1-1024x1024.jpg\",\"contentUrl\":\"https:\\\/\\\/www.dominovi.it\\\/wp-content\\\/uploads\\\/2022\\\/10\\\/domino_mama-photo_1-1024x1024.jpg\"},{\"@type\":\"BreadcrumbList\",\"@id\":\"https:\\\/\\\/www.dominovi.it\\\/fr\\\/entrepot\\\/#breadcrumb\",\"itemListElement\":[{\"@type\":\"ListItem\",\"position\":1,\"name\":\"Home\",\"item\":\"https:\\\/\\\/www.dominovi.it\\\/fr\\\/\"},{\"@type\":\"ListItem\",\"position\":2,\"name\":\"Entrep\u00f4t\"}]},{\"@type\":\"WebSite\",\"@id\":\"https:\\\/\\\/www.dominovi.it\\\/fr\\\/#website\",\"url\":\"https:\\\/\\\/www.dominovi.it\\\/fr\\\/\",\"name\":\"Domino&reg;\",\"description\":\"Bakery &amp; Pastry Equipment\",\"potentialAction\":[{\"@type\":\"SearchAction\",\"target\":{\"@type\":\"EntryPoint\",\"urlTemplate\":\"https:\\\/\\\/www.dominovi.it\\\/fr\\\/?s={search_term_string}\"},\"query-input\":{\"@type\":\"PropertyValueSpecification\",\"valueRequired\":true,\"valueName\":\"search_term_string\"}}],\"inLanguage\":\"fr-FR\"}]}<\/script>\n<!-- \/ Yoast SEO plugin. -->","yoast_head_json":{"title":"Entrep\u00f4t - Domino&reg;","robots":{"index":"index","follow":"follow","max-snippet":"max-snippet:-1","max-image-preview":"max-image-preview:large","max-video-preview":"max-video-preview:-1"},"canonical":"https:\/\/www.dominovi.it\/fr\/entrepot\/","og_locale":"fr_FR","og_type":"article","og_title":"Entrep\u00f4t - Domino&reg;","og_description":"Home Pr\u00eat pour la livraison ? Une gestion minutieuse du travail, une \u00e9quipe exceptionnelle et le travail inlassable de tous nos employ\u00e9s : en termes de vitesse de production, nous sommes in\u00e9gal\u00e9s. Il n&rsquo;y a actuellement aucune machine pr\u00eate \u00e0 \u00eatre livr\u00e9e. Revenez bient\u00f4t pour d\u00e9couvrir la suite ! MAMA 30 TOUCH Domino Excellence MAMA [&hellip;]","og_url":"https:\/\/www.dominovi.it\/fr\/entrepot\/","og_site_name":"Domino&reg;","article_modified_time":"2023-01-19T20:40:15+00:00","og_image":[{"url":"https:\/\/www.dominovi.it\/wp-content\/uploads\/2022\/10\/domino_mama-photo_1-1024x1024.jpg","type":"","width":"","height":""}],"twitter_card":"summary_large_image","twitter_misc":{"Dur\u00e9e de lecture estim\u00e9e":"1 minute"},"schema":{"@context":"https:\/\/schema.org","@graph":[{"@type":"WebPage","@id":"https:\/\/www.dominovi.it\/fr\/entrepot\/","url":"https:\/\/www.dominovi.it\/fr\/entrepot\/","name":"Entrep\u00f4t - Domino&reg;","isPartOf":{"@id":"https:\/\/www.dominovi.it\/fr\/#website"},"primaryImageOfPage":{"@id":"https:\/\/www.dominovi.it\/fr\/entrepot\/#primaryimage"},"image":{"@id":"https:\/\/www.dominovi.it\/fr\/entrepot\/#primaryimage"},"thumbnailUrl":"https:\/\/www.dominovi.it\/wp-content\/uploads\/2022\/10\/domino_mama-photo_1-1024x1024.jpg","datePublished":"2022-11-11T11:29:52+00:00","dateModified":"2023-01-19T20:40:15+00:00","breadcrumb":{"@id":"https:\/\/www.dominovi.it\/fr\/entrepot\/#breadcrumb"},"inLanguage":"fr-FR","potentialAction":[{"@type":"ReadAction","target":["https:\/\/www.dominovi.it\/fr\/entrepot\/"]}]},{"@type":"ImageObject","inLanguage":"fr-FR","@id":"https:\/\/www.dominovi.it\/fr\/entrepot\/#primaryimage","url":"https:\/\/www.dominovi.it\/wp-content\/uploads\/2022\/10\/domino_mama-photo_1-1024x1024.jpg","contentUrl":"https:\/\/www.dominovi.it\/wp-content\/uploads\/2022\/10\/domino_mama-photo_1-1024x1024.jpg"},{"@type":"BreadcrumbList","@id":"https:\/\/www.dominovi.it\/fr\/entrepot\/#breadcrumb","itemListElement":[{"@type":"ListItem","position":1,"name":"Home","item":"https:\/\/www.dominovi.it\/fr\/"},{"@type":"ListItem","position":2,"name":"Entrep\u00f4t"}]},{"@type":"WebSite","@id":"https:\/\/www.dominovi.it\/fr\/#website","url":"https:\/\/www.dominovi.it\/fr\/","name":"Domino&reg;","description":"Bakery &amp; Pastry Equipment","potentialAction":[{"@type":"SearchAction","target":{"@type":"EntryPoint","urlTemplate":"https:\/\/www.dominovi.it\/fr\/?s={search_term_string}"},"query-input":{"@type":"PropertyValueSpecification","valueRequired":true,"valueName":"search_term_string"}}],"inLanguage":"fr-FR"}]}},"_links":{"self":[{"href":"https:\/\/www.dominovi.it\/fr\/wp-json\/wp\/v2\/pages\/1679","targetHints":{"allow":["GET"]}}],"collection":[{"href":"https:\/\/www.dominovi.it\/fr\/wp-json\/wp\/v2\/pages"}],"about":[{"href":"https:\/\/www.dominovi.it\/fr\/wp-json\/wp\/v2\/types\/page"}],"author":[{"embeddable":true,"href":"https:\/\/www.dominovi.it\/fr\/wp-json\/wp\/v2\/users\/1"}],"replies":[{"embeddable":true,"href":"https:\/\/www.dominovi.it\/fr\/wp-json\/wp\/v2\/comments?post=1679"}],"version-history":[{"count":3,"href":"https:\/\/www.dominovi.it\/fr\/wp-json\/wp\/v2\/pages\/1679\/revisions"}],"predecessor-version":[{"id":1808,"href":"https:\/\/www.dominovi.it\/fr\/wp-json\/wp\/v2\/pages\/1679\/revisions\/1808"}],"wp:attachment":[{"href":"https:\/\/www.dominovi.it\/fr\/wp-json\/wp\/v2\/media?parent=1679"}],"curies":[{"name":"wp","href":"https:\/\/api.w.org\/{rel}","templated":true}]}}